{"id":13123,"date":"2024-04-03T22:07:15","date_gmt":"2024-04-03T22:07:15","guid":{"rendered":"https:\/\/panafricanuniversitypress.com\/company\/?post_type=product&#038;p=13123"},"modified":"2024-05-25T10:21:17","modified_gmt":"2024-05-25T10:21:17","slug":"the-brass-bells-drum-a-novel-translated-by-pamela-j-olubunmi-smith","status":"publish","type":"product","link":"https:\/\/panafricanuniversitypress.com\/company\/product\/the-brass-bells-drum-a-novel-translated-by-pamela-j-olubunmi-smith\/","title":{"rendered":"The Brass-Bells Drum: A Novel Translated by Pamela J. Ol\u00fab\u00f9nmi Smith"},"content":{"rendered":"<p>A preeminent translator has translated a prominent book, producing an outcome that is magnetic<br \/>\nand majestic. A timeless story comes alive, the strictures of state decadence narrated with<br \/>\nclairvoyance, but the resolution drags us to an uncertain destination. Can there be a secular<br \/>\nrapture?<br \/>\n\u2013 Toyin Falola, Professor of History, University Distinguished Teaching Professor, and Jacob and<br \/>\nSanger Mossiker Chair in the Humanities, the University of Texas at Austin<\/p>\n<p>Those familiar with \u1e62aworoid\u1eb9, late Ak\u00ednw\u00f9m\u00ed \u00cc\u1e63\u1ecd\u0300l\u00e1\u2019s celebrated drama, both text and movie based<br \/>\non it, know too well the importance of the story it tells, to wit, a contemplation of the fortunes of<br \/>\nour contemporary life as reflected in the core areas of state\/individual, individual\/individual<br \/>\nrelations, and the mutual encumbrances that they entail for everyday living. This is not to neglect<br \/>\nits commentaries on private and public morals, the institutions of culture and how we navigate the<br \/>\nchallenges of change in all its ramifications. What Professor Ol\u00fab\u00f9nmi Smith has done in this<br \/>\nsplendid translation is to offer a wider audience \u00cc\u1e63\u1ecd\u0300l\u00e1\u2019s genius as a dramatist, stylist, and just one<br \/>\nheck of a storyteller without losing the beauty, the tightness, and the topicality of the original. Add<br \/>\nto that her conveyance of the universal themes that abound in the text that make \u00cc\u1e63\u1ecd\u0300l\u00e1\u2019s work not a<br \/>\nmere Yor\u00f9b\u00e1 story. We all owe Professor Smith a debt of gratitude for enhancing our repertoire,<br \/>\nonce again.<br \/>\n\u2013 Ol\u00faf\u1eb9\u0301mi T\u00e1\u00edwo, Africana Studies and Research Center, Cornell University, Ithaca, NY<\/p>\n<p>Pamela J. Ol\u00fab\u00f9nmi Smith is a Professor Emerita of English, Humanities and Women\u2019s Studies at<br \/>\nthe University of Nebraska at Omaha. Dr. Smith holds a doctorate in Comparative Literature from<br \/>\nthe University of Washington. Her research interests and publications are in the areas of<br \/>\ntranslation studies and Yor\u00f9b\u00e1 Language and Literature. Her four English translations from the<br \/>\nYoruba include: \u1eb8f\u00fan\u1e63et\u00e1n \u00c0n\u00edw\u00far\u00e0, \u00ccy\u00e1l\u00f3de Ibadan &amp; Ol\u00fa \u1eccm\u1ecd Tinu\u00fab\u00fa, \u00ccy\u00e1l\u00f3de Egba (2004)<br \/>\nand Treasury of Childhood Memories (2016) by Akinwumi Isola, and The Freedom Fight (2010) by<br \/>\nAd\u00e9b\u00e1y\u1ecd\u0300 F\u00e1l\u00e9t\u00ed, the two leading contemporary Yoruba writers. She is a co-author of<br \/>\nyor\u00f9b\u00e1dictionary.com.<\/p>\n<p>ISBN: 978-1-943533-57-2 \u0399 Published 2021 \u0399 Pan-African University Press<\/p>\n","protected":false},"excerpt":{"rendered":"<p>A preeminent translator has translated a prominent book, producing an outcome that is magnetic and majestic. A timeless story comes alive, the strictures of state decadence narrated with clairvoyance, but the resolution drags us to an uncertain destination. Can there be a secular rapture? \u2013 Toyin Falola, Professor of History, University Distinguished Teaching Professor, and [&hellip;]<\/p>\n","protected":false},"featured_media":13124,"comment_status":"open","ping_status":"closed","template":"","meta":{"give_campaign_id":0,"_monsterinsights_skip_tracking":false,"_monsterinsights_sitenote_active":false,"_monsterinsights_sitenote_note":"","_monsterinsights_sitenote_category":0},"product_brand":[],"product_cat":[104],"product_tag":[],"class_list":{"0":"post-13123","1":"product","2":"type-product","3":"status-publish","4":"has-post-thumbnail","6":"product_cat-novel","8":"first","9":"instock","10":"shipping-taxable","11":"purchasable","12":"product-type-simple"},"aioseo_notices":[],"_links":{"self":[{"href":"https:\/\/panafricanuniversitypress.com\/company\/wp-json\/wp\/v2\/product\/13123","targetHints":{"allow":["GET"]}}],"collection":[{"href":"https:\/\/panafricanuniversitypress.com\/company\/wp-json\/wp\/v2\/product"}],"about":[{"href":"https:\/\/panafricanuniversitypress.com\/company\/wp-json\/wp\/v2\/types\/product"}],"replies":[{"embeddable":true,"href":"https:\/\/panafricanuniversitypress.com\/company\/wp-json\/wp\/v2\/comments?post=13123"}],"version-history":[{"count":1,"href":"https:\/\/panafricanuniversitypress.com\/company\/wp-json\/wp\/v2\/product\/13123\/revisions"}],"predecessor-version":[{"id":13125,"href":"https:\/\/panafricanuniversitypress.com\/company\/wp-json\/wp\/v2\/product\/13123\/revisions\/13125"}],"wp:featuredmedia":[{"embeddable":true,"href":"https:\/\/panafricanuniversitypress.com\/company\/wp-json\/wp\/v2\/media\/13124"}],"wp:attachment":[{"href":"https:\/\/panafricanuniversitypress.com\/company\/wp-json\/wp\/v2\/media?parent=13123"}],"wp:term":[{"taxonomy":"product_brand","embeddable":true,"href":"https:\/\/panafricanuniversitypress.com\/company\/wp-json\/wp\/v2\/product_brand?post=13123"},{"taxonomy":"product_cat","embeddable":true,"href":"https:\/\/panafricanuniversitypress.com\/company\/wp-json\/wp\/v2\/product_cat?post=13123"},{"taxonomy":"product_tag","embeddable":true,"href":"https:\/\/panafricanuniversitypress.com\/company\/wp-json\/wp\/v2\/product_tag?post=13123"}],"curies":[{"name":"wp","href":"https:\/\/api.w.org\/{rel}","templated":true}]}}