{"id":12877,"date":"2024-04-01T11:39:08","date_gmt":"2024-04-01T11:39:08","guid":{"rendered":"https:\/\/panafricanuniversitypress.com\/company\/?post_type=product&#038;p=12877"},"modified":"2024-11-01T16:34:14","modified_gmt":"2024-11-01T16:34:14","slug":"adebisi-afolayan-the-celebration-of-a-living-legend-his-life-works-and-everything-in-between","status":"publish","type":"product","link":"https:\/\/panafricanuniversitypress.com\/company\/product\/adebisi-afolayan-the-celebration-of-a-living-legend-his-life-works-and-everything-in-between\/","title":{"rendered":"Ad\u00e9b\u00eds\u00ed Af\u1ecdl\u00e1yan: The Celebration of a Living Legend \u2013 His Life, Works and Everything In-Between"},"content":{"rendered":"<p>Legend has it that there was a man with huge popularity and cult following in a distant village<br \/>\ncommunity of old. He once thought to himself that he needed to ascertain the truth or falsity of<br \/>\nthe genuineness of his followership. A Sage warned him not to believe what he was seeing until<br \/>\nhe could see what he could not believe. And so, the sage then advised him to just make an<br \/>\nannouncement about a terminal illness he had been diagnosed with, and that it would require a<br \/>\nsmall amount of money in order for him to get over the debilitating ailment. He went all over the<br \/>\ncommunity, talking to his family members, friends, colleagues and all those admirers. He<br \/>\nappealed to them for support, but while everyone sympathized with him, not a single one was<br \/>\nwilling to come to his aid by donating the money needed to get him cured. He was disappointed<br \/>\nbut within him he still understood that people probably genuinely loved him, it was just that they<br \/>\ndid not have the material things to support him at this time. He returned to the Sage, who<br \/>\nprovided him another strategy to further measure the loyalty of those people that surrounded<br \/>\nhim. He instructed him to arrange with his doctor and announce to the same group of people that<br \/>\nhe had finally succumbed to the weight of the illness and eventually died, and that the funeral<br \/>\nhad been arranged at a stipulated place and on a particular date.<\/p>\n<p>On hearing this, the same group of people who had nothing to give to get this friend and relative cured came around to donate large sums of monies, and expensive materials \u2013 cattle, food, drinks, and other merchandise to celebrate his death. They purchased expensive clothing materials and called upon the best musicians far and wide to come and grace the occasion. They were dolling out bales of money to celebrate the dead man. It was during the people\u2019s festive moods at the fake funeral that the man entered the room with his hands full of whisks and bludgeons to pummel the hypocrites out of his sight and out of his life.<\/p>\n<p>This unique Festschrift honors the living legend Professor Adebisi Afolayan, unlike most that pay<br \/>\ntribute to the deceased. His \u201cvillage community\u201d genuinely reveres their popular man in both<br \/>\nwords and actions. This three-part book opens with writings by intellectuals on his interests, then<br \/>\nshowcases his prolific, versatile contributions spanning English language to musicology. This<br \/>\nreveals his relentless pursuit of impactful scholarship. Also, colleagues, family, friends and<br \/>\nstudents provide unfettered praise of this multifaceted nonagenarian &#8211; a religious family man,<br \/>\ncomedian, musician, accessible intellectual juggernaut. Overall, the book captures how \u201cthe<br \/>\nrubber hits the road\u201d in celebrating not the typical deceased honoree but a living versatile icon<br \/>\nwho richly merits this rare tribute from his admiring community.<\/p>\n<p>In all, this Festschrift is about a man of talent and ability about whom we can say, in the words of<br \/>\nWilliam Shakespeare, \u201cdoth bestride the narrow world like a Colossus . . .,\u201d and as one of his<br \/>\nextended children, Dr. Precious Afolayan, describes him, \u201can ordinary man with an extraordinary<br \/>\npersonality. This Festschrift snugly fits the model of what Francis Bacon said:<br \/>\n\u201cSome books are to be tasted, others to be swallowed, and some few to be chewed and digested;<br \/>\nthat is, some books are to be read only in parts; others to be read, but not curiously; and some few<br \/>\nare to be read wholly, and with diligence and attention.\u201d This one is to be tasted, swallowed, chewed, digested . . . read curiously, wholly, and with diligence and attention.<\/p>\n","protected":false},"excerpt":{"rendered":"<p>Legend has it that there was a man with huge popularity and cult following in a distant village community of old. He once thought to himself that he needed to ascertain the truth or falsity of the genuineness of his followership. A Sage warned him not to believe what he was seeing until he could [&hellip;]<\/p>\n","protected":false},"featured_media":12878,"comment_status":"open","ping_status":"closed","template":"","meta":{"give_campaign_id":0,"_monsterinsights_skip_tracking":false,"_monsterinsights_sitenote_active":false,"_monsterinsights_sitenote_note":"","_monsterinsights_sitenote_category":0},"product_brand":[],"product_cat":[84],"product_tag":[],"class_list":{"0":"post-12877","1":"product","2":"type-product","3":"status-publish","4":"has-post-thumbnail","6":"product_cat-biographies-and-autobiographies","8":"first","9":"instock","10":"shipping-taxable","11":"purchasable","12":"product-type-simple"},"aioseo_notices":[],"_links":{"self":[{"href":"https:\/\/panafricanuniversitypress.com\/company\/wp-json\/wp\/v2\/product\/12877","targetHints":{"allow":["GET"]}}],"collection":[{"href":"https:\/\/panafricanuniversitypress.com\/company\/wp-json\/wp\/v2\/product"}],"about":[{"href":"https:\/\/panafricanuniversitypress.com\/company\/wp-json\/wp\/v2\/types\/product"}],"replies":[{"embeddable":true,"href":"https:\/\/panafricanuniversitypress.com\/company\/wp-json\/wp\/v2\/comments?post=12877"}],"version-history":[{"count":1,"href":"https:\/\/panafricanuniversitypress.com\/company\/wp-json\/wp\/v2\/product\/12877\/revisions"}],"predecessor-version":[{"id":12879,"href":"https:\/\/panafricanuniversitypress.com\/company\/wp-json\/wp\/v2\/product\/12877\/revisions\/12879"}],"wp:featuredmedia":[{"embeddable":true,"href":"https:\/\/panafricanuniversitypress.com\/company\/wp-json\/wp\/v2\/media\/12878"}],"wp:attachment":[{"href":"https:\/\/panafricanuniversitypress.com\/company\/wp-json\/wp\/v2\/media?parent=12877"}],"wp:term":[{"taxonomy":"product_brand","embeddable":true,"href":"https:\/\/panafricanuniversitypress.com\/company\/wp-json\/wp\/v2\/product_brand?post=12877"},{"taxonomy":"product_cat","embeddable":true,"href":"https:\/\/panafricanuniversitypress.com\/company\/wp-json\/wp\/v2\/product_cat?post=12877"},{"taxonomy":"product_tag","embeddable":true,"href":"https:\/\/panafricanuniversitypress.com\/company\/wp-json\/wp\/v2\/product_tag?post=12877"}],"curies":[{"name":"wp","href":"https:\/\/api.w.org\/{rel}","templated":true}]}}